{"id":216,"date":"2024-06-07T22:35:51","date_gmt":"2024-06-08T01:35:51","guid":{"rendered":"https:\/\/audaxias.com\/?page_id=216"},"modified":"2024-07-02T19:54:49","modified_gmt":"2024-07-02T22:54:49","slug":"contato","status":"publish","type":"page","link":"https:\/\/empreendedoresdigitais.com.br\/bg\/contato\/","title":{"rendered":"Contato"},"content":{"rendered":"<div data-elementor-type=\"wp-page\" data-elementor-id=\"216\" class=\"elementor elementor-216\" data-elementor-post-type=\"page\">\n\t\t\t\t<div class=\"elementor-element elementor-element-7199594 e-flex e-con-boxed e-con e-parent\" data-id=\"7199594\" data-element_type=\"container\">\n\t\t\t\t\t<div class=\"e-con-inner\">\n\t\t<div class=\"elementor-element elementor-element-9012de4 e-con-full e-flex e-con e-child\" data-id=\"9012de4\" data-element_type=\"container\">\n\t\t\t\t<div class=\"elementor-element elementor-element-c9cc3cc elementor-widget elementor-widget-heading\" data-id=\"c9cc3cc\" data-element_type=\"widget\" data-widget_type=\"heading.default\">\n\t\t\t\t<div class=\"elementor-widget-container\">\n\t\t\t\t\t<h2 class=\"elementor-heading-title elementor-size-default\">Fale Conosco<\/h2>\t\t\t\t<\/div>\n\t\t\t\t<\/div>\n\t\t\t\t<div class=\"elementor-element elementor-element-8488173 elementor-widget elementor-widget-heading\" data-id=\"8488173\" data-element_type=\"widget\" data-widget_type=\"heading.default\">\n\t\t\t\t<div class=\"elementor-widget-container\">\n\t\t\t\t\t<h2 class=\"elementor-heading-title elementor-size-default\">Entre em Contato<\/h2>\t\t\t\t<\/div>\n\t\t\t\t<\/div>\n\t\t\t\t<div class=\"elementor-element elementor-element-696518c elementor-widget-divider--view-line elementor-widget elementor-widget-divider\" data-id=\"696518c\" data-element_type=\"widget\" data-widget_type=\"divider.default\">\n\t\t\t\t<div class=\"elementor-widget-container\">\n\t\t\t\t\t\t\t<div class=\"elementor-divider\">\n\t\t\t<span class=\"elementor-divider-separator\">\n\t\t\t\t\t\t<\/span>\n\t\t<\/div>\n\t\t\t\t\t\t<\/div>\n\t\t\t\t<\/div>\n\t\t\t\t<div class=\"elementor-element elementor-element-3286012 elementor-widget elementor-widget-text-editor\" data-id=\"3286012\" data-element_type=\"widget\" data-widget_type=\"text-editor.default\">\n\t\t\t\t<div class=\"elementor-widget-container\">\n\t\t\t\t\t\t\t\t\t<p>A equipe do Empreendedores Digitais est\u00e1 sempre pronta para ouvir de voc\u00ea. Quer seja uma pergunta, uma sugest\u00e3o, um coment\u00e1rio ou apenas um \u201col\u00e1\u201d, adorar\u00edamos receber not\u00edcias suas.<\/p><p>Por favor, permita at\u00e9 2 dias \u00fateis para uma resposta. Agradecemos por seu interesse em nosso blog e esperamos falar com voc\u00ea em breve!<\/p>\t\t\t\t\t\t\t\t<\/div>\n\t\t\t\t<\/div>\n\t\t\t\t<\/div>\n\t\t\t\t<div class=\"elementor-element elementor-element-c9c10d6 elementor-widget__width-initial elementor-button-align-stretch elementor-widget elementor-widget-form\" data-id=\"c9c10d6\" data-element_type=\"widget\" data-settings=\"{&quot;button_width&quot;:&quot;33&quot;,&quot;step_next_label&quot;:&quot;Pr\\u00f3ximo&quot;,&quot;step_previous_label&quot;:&quot;Anterior&quot;,&quot;step_type&quot;:&quot;number_text&quot;,&quot;step_icon_shape&quot;:&quot;circle&quot;}\" data-widget_type=\"form.default\">\n\t\t\t\t<div class=\"elementor-widget-container\">\n\t\t\t\t\t\t\t<form class=\"elementor-form\" method=\"post\" name=\"Novo formul\u00e1rio\" action=\"\">\n\t\t\t<input type=\"hidden\" name=\"post_id\" value=\"216\"\/>\n\t\t\t<input type=\"hidden\" name=\"form_id\" value=\"c9c10d6\"\/>\n\t\t\t<input type=\"hidden\" name=\"referer_title\" value=\"Empreendedores Digitais\" \/>\n\n\t\t\t\n\t\t\t<div class=\"elementor-form-fields-wrapper elementor-labels-above\">\n\t\t\t\t\t\t\t\t<div class=\"elementor-field-type-text elementor-field-group elementor-column elementor-field-group-name elementor-col-100 elementor-field-required\">\n\t\t\t\t\t\t\t\t\t\t\t\t<label for=\"form-field-name\" class=\"elementor-field-label\">\n\t\t\t\t\t\t\t\tSeu nome:\t\t\t\t\t\t\t<\/label>\n\t\t\t\t\t\t\t\t\t\t\t\t\t\t<input size=\"1\" type=\"text\" name=\"form_fields[name]\" id=\"form-field-name\" class=\"elementor-field elementor-size-xs  elementor-field-textual\" placeholder=\"Digite seu nome\" required=\"required\">\n\t\t\t\t\t\t\t\t\t\t\t<\/div>\n\t\t\t\t\t\t\t\t<div class=\"elementor-field-type-email elementor-field-group elementor-column elementor-field-group-email elementor-col-100 elementor-field-required\">\n\t\t\t\t\t\t\t\t\t\t\t\t<label for=\"form-field-email\" class=\"elementor-field-label\">\n\t\t\t\t\t\t\t\tSeu email:\t\t\t\t\t\t\t<\/label>\n\t\t\t\t\t\t\t\t\t\t\t\t\t\t<input size=\"1\" type=\"email\" name=\"form_fields[email]\" id=\"form-field-email\" class=\"elementor-field elementor-size-xs  elementor-field-textual\" placeholder=\"Digite seu melhor email\" required=\"required\">\n\t\t\t\t\t\t\t\t\t\t\t<\/div>\n\t\t\t\t\t\t\t\t<div class=\"elementor-field-type-textarea elementor-field-group elementor-column elementor-field-group-message elementor-col-100 elementor-field-required\">\n\t\t\t\t\t\t\t\t\t\t\t\t<label for=\"form-field-message\" class=\"elementor-field-label\">\n\t\t\t\t\t\t\t\tSua Mensagem:\t\t\t\t\t\t\t<\/label>\n\t\t\t\t\t\t<textarea class=\"elementor-field-textual elementor-field  elementor-size-xs\" name=\"form_fields[message]\" id=\"form-field-message\" rows=\"4\" placeholder=\"Digite sua mensagem...\" required=\"required\"><\/textarea>\t\t\t\t<\/div>\n\t\t\t\t\t\t\t\t<div class=\"elementor-field-group elementor-column elementor-field-type-submit elementor-col-33 e-form__buttons\">\n\t\t\t\t\t<button class=\"elementor-button elementor-size-sm\" type=\"submit\">\n\t\t\t\t\t\t<span class=\"elementor-button-content-wrapper\">\n\t\t\t\t\t\t\t\t\t\t\t\t\t\t\t\t\t\t\t\t\t\t<span class=\"elementor-button-text\">Enviar<\/span>\n\t\t\t\t\t\t\t\t\t\t\t\t\t<\/span>\n\t\t\t\t\t<\/button>\n\t\t\t\t<\/div>\n\t\t\t<\/div>\n\t\t<input type=\"hidden\" name=\"trp-form-language\" value=\"bg\"\/><\/form>\n\t\t\t\t\t\t<\/div>\n\t\t\t\t<\/div>\n\t\t\t\t\t<\/div>\n\t\t\t\t<\/div>\n\t\t\t\t<\/div>","protected":false},"excerpt":{"rendered":"<p>Fale Conosco Entre em Contato A equipe do est\u00e1 sempre pronta para ouvir de voc\u00ea. Quer seja uma pergunta, uma sugest\u00e3o, um coment\u00e1rio ou apenas um \u201col\u00e1\u201d, adorar\u00edamos receber not\u00edcias suas. Por favor, permita at\u00e9 2 dias \u00fateis para uma resposta. Agradecemos por seu interesse em nosso blog e esperamos falar com voc\u00ea em breve!<\/p>","protected":false},"author":1,"featured_media":0,"parent":0,"menu_order":0,"comment_status":"closed","ping_status":"closed","template":"","meta":{"footnotes":""},"yoast_head":"<!-- This site is optimized with the Yoast SEO plugin v22.9 - https:\/\/yoast.com\/wordpress\/plugins\/seo\/ -->\n<title>Contato - Empreendedores Digitais<\/title>\n<meta name=\"robots\" content=\"index, follow, max-snippet:-1, max-image-preview:large, max-video-preview:-1\" \/>\n<link rel=\"canonical\" href=\"https:\/\/empreendedoresdigitais.com.br\/bg\/contato\/\" \/>\n<meta property=\"og:locale\" content=\"bg_BG\" \/>\n<meta property=\"og:type\" content=\"article\" \/>\n<meta property=\"og:title\" content=\"Contato - Empreendedores Digitais\" \/>\n<meta property=\"og:description\" content=\"Fale Conosco Entre em Contato A equipe do est\u00e1 sempre pronta para ouvir de voc\u00ea. Quer seja uma pergunta, uma sugest\u00e3o, um coment\u00e1rio ou apenas um \u201col\u00e1\u201d, adorar\u00edamos receber not\u00edcias suas. Por favor, permita at\u00e9 2 dias \u00fateis para uma resposta. Agradecemos por seu interesse em nosso blog e esperamos falar com voc\u00ea em breve!\" \/>\n<meta property=\"og:url\" content=\"https:\/\/empreendedoresdigitais.com.br\/bg\/contato\/\" \/>\n<meta property=\"og:site_name\" content=\"Empreendedores Digitais\" \/>\n<meta property=\"article:modified_time\" content=\"2024-07-02T22:54:49+00:00\" \/>\n<meta property=\"og:image\" content=\"https:\/\/empreendedoresdigitais.com.br\/wp-content\/uploads\/2024\/06\/Favicon-PNG.png\" \/>\n\t<meta property=\"og:image:width\" content=\"512\" \/>\n\t<meta property=\"og:image:height\" content=\"512\" \/>\n\t<meta property=\"og:image:type\" content=\"image\/png\" \/>\n<meta name=\"twitter:card\" content=\"summary_large_image\" \/>\n<meta name=\"twitter:label1\" content=\"Est. reading time\" \/>\n\t<meta name=\"twitter:data1\" content=\"1 \u043c\u0438\u043d\u0443\u0442\u0430\" \/>\n<script type=\"application\/ld+json\" class=\"yoast-schema-graph\">{\"@context\":\"https:\/\/schema.org\",\"@graph\":[{\"@type\":\"WebPage\",\"@id\":\"https:\/\/empreendedoresdigitais.com.br\/contato\/\",\"url\":\"https:\/\/empreendedoresdigitais.com.br\/contato\/\",\"name\":\"Contato - Empreendedores Digitais\",\"isPartOf\":{\"@id\":\"https:\/\/empreendedoresdigitais.com.br\/#website\"},\"datePublished\":\"2024-06-08T01:35:51+00:00\",\"dateModified\":\"2024-07-02T22:54:49+00:00\",\"breadcrumb\":{\"@id\":\"https:\/\/empreendedoresdigitais.com.br\/contato\/#breadcrumb\"},\"inLanguage\":\"bg-BG\",\"potentialAction\":[{\"@type\":\"ReadAction\",\"target\":[\"https:\/\/empreendedoresdigitais.com.br\/contato\/\"]}]},{\"@type\":\"BreadcrumbList\",\"@id\":\"https:\/\/empreendedoresdigitais.com.br\/contato\/#breadcrumb\",\"itemListElement\":[{\"@type\":\"ListItem\",\"position\":1,\"name\":\"In\u00edcio\",\"item\":\"https:\/\/empreendedoresdigitais.com.br\/\"},{\"@type\":\"ListItem\",\"position\":2,\"name\":\"Contato\"}]},{\"@type\":\"WebSite\",\"@id\":\"https:\/\/empreendedoresdigitais.com.br\/#website\",\"url\":\"https:\/\/empreendedoresdigitais.com.br\/\",\"name\":\"Empreendedores Digitais\",\"description\":\"Empreededores Digitais, tudo sobre empreendedorismo digital.\",\"publisher\":{\"@id\":\"https:\/\/empreendedoresdigitais.com.br\/#organization\"},\"potentialAction\":[{\"@type\":\"SearchAction\",\"target\":{\"@type\":\"EntryPoint\",\"urlTemplate\":\"https:\/\/empreendedoresdigitais.com.br\/?s={search_term_string}\"},\"query-input\":\"required name=search_term_string\"}],\"inLanguage\":\"bg-BG\"},{\"@type\":\"Organization\",\"@id\":\"https:\/\/empreendedoresdigitais.com.br\/#organization\",\"name\":\"Empreendedores Digitais\",\"url\":\"https:\/\/empreendedoresdigitais.com.br\/\",\"logo\":{\"@type\":\"ImageObject\",\"inLanguage\":\"bg-BG\",\"@id\":\"https:\/\/empreendedoresdigitais.com.br\/#\/schema\/logo\/image\/\",\"url\":\"https:\/\/empreendedoresdigitais.com.br\/wp-content\/uploads\/2024\/06\/Logo-Kauos.png\",\"contentUrl\":\"https:\/\/empreendedoresdigitais.com.br\/wp-content\/uploads\/2024\/06\/Logo-Kauos.png\",\"width\":512,\"height\":204,\"caption\":\"Empreendedores Digitais\"},\"image\":{\"@id\":\"https:\/\/empreendedoresdigitais.com.br\/#\/schema\/logo\/image\/\"}}]}<\/script>\n<!-- \/ Yoast SEO plugin. -->","yoast_head_json":{"title":"Contato - Empreendedores Digitais","robots":{"index":"index","follow":"follow","max-snippet":"max-snippet:-1","max-image-preview":"max-image-preview:large","max-video-preview":"max-video-preview:-1"},"canonical":"https:\/\/empreendedoresdigitais.com.br\/bg\/contato\/","og_locale":"bg_BG","og_type":"article","og_title":"Contato - Empreendedores Digitais","og_description":"Fale Conosco Entre em Contato A equipe do est\u00e1 sempre pronta para ouvir de voc\u00ea. Quer seja uma pergunta, uma sugest\u00e3o, um coment\u00e1rio ou apenas um \u201col\u00e1\u201d, adorar\u00edamos receber not\u00edcias suas. Por favor, permita at\u00e9 2 dias \u00fateis para uma resposta. Agradecemos por seu interesse em nosso blog e esperamos falar com voc\u00ea em breve!","og_url":"https:\/\/empreendedoresdigitais.com.br\/bg\/contato\/","og_site_name":"Empreendedores Digitais","article_modified_time":"2024-07-02T22:54:49+00:00","og_image":[{"width":512,"height":512,"url":"https:\/\/empreendedoresdigitais.com.br\/wp-content\/uploads\/2024\/06\/Favicon-PNG.png","type":"image\/png"}],"twitter_card":"summary_large_image","twitter_misc":{"Est. reading time":"1 \u043c\u0438\u043d\u0443\u0442\u0430"},"schema":{"@context":"https:\/\/schema.org","@graph":[{"@type":"WebPage","@id":"https:\/\/empreendedoresdigitais.com.br\/contato\/","url":"https:\/\/empreendedoresdigitais.com.br\/contato\/","name":"Contato - Empreendedores Digitais","isPartOf":{"@id":"https:\/\/empreendedoresdigitais.com.br\/#website"},"datePublished":"2024-06-08T01:35:51+00:00","dateModified":"2024-07-02T22:54:49+00:00","breadcrumb":{"@id":"https:\/\/empreendedoresdigitais.com.br\/contato\/#breadcrumb"},"inLanguage":"bg-BG","potentialAction":[{"@type":"ReadAction","target":["https:\/\/empreendedoresdigitais.com.br\/contato\/"]}]},{"@type":"BreadcrumbList","@id":"https:\/\/empreendedoresdigitais.com.br\/contato\/#breadcrumb","itemListElement":[{"@type":"ListItem","position":1,"name":"In\u00edcio","item":"https:\/\/empreendedoresdigitais.com.br\/"},{"@type":"ListItem","position":2,"name":"Contato"}]},{"@type":"WebSite","@id":"https:\/\/empreendedoresdigitais.com.br\/#website","url":"https:\/\/empreendedoresdigitais.com.br\/","name":"Empreendedores Digitais","description":"Empreededores Digitais, tudo sobre empreendedorismo digital.","publisher":{"@id":"https:\/\/empreendedoresdigitais.com.br\/#organization"},"potentialAction":[{"@type":"SearchAction","target":{"@type":"EntryPoint","urlTemplate":"https:\/\/empreendedoresdigitais.com.br\/?s={search_term_string}"},"query-input":"required name=search_term_string"}],"inLanguage":"bg-BG"},{"@type":"Organization","@id":"https:\/\/empreendedoresdigitais.com.br\/#organization","name":"Empreendedores Digitais","url":"https:\/\/empreendedoresdigitais.com.br\/","logo":{"@type":"ImageObject","inLanguage":"bg-BG","@id":"https:\/\/empreendedoresdigitais.com.br\/#\/schema\/logo\/image\/","url":"https:\/\/empreendedoresdigitais.com.br\/wp-content\/uploads\/2024\/06\/Logo-Kauos.png","contentUrl":"https:\/\/empreendedoresdigitais.com.br\/wp-content\/uploads\/2024\/06\/Logo-Kauos.png","width":512,"height":204,"caption":"Empreendedores Digitais"},"image":{"@id":"https:\/\/empreendedoresdigitais.com.br\/#\/schema\/logo\/image\/"}}]}},"_links":{"self":[{"href":"https:\/\/empreendedoresdigitais.com.br\/bg\/wp-json\/wp\/v2\/pages\/216"}],"collection":[{"href":"https:\/\/empreendedoresdigitais.com.br\/bg\/wp-json\/wp\/v2\/pages"}],"about":[{"href":"https:\/\/empreendedoresdigitais.com.br\/bg\/wp-json\/wp\/v2\/types\/page"}],"author":[{"embeddable":true,"href":"https:\/\/empreendedoresdigitais.com.br\/bg\/wp-json\/wp\/v2\/users\/1"}],"replies":[{"embeddable":true,"href":"https:\/\/empreendedoresdigitais.com.br\/bg\/wp-json\/wp\/v2\/comments?post=216"}],"version-history":[{"count":37,"href":"https:\/\/empreendedoresdigitais.com.br\/bg\/wp-json\/wp\/v2\/pages\/216\/revisions"}],"predecessor-version":[{"id":1345,"href":"https:\/\/empreendedoresdigitais.com.br\/bg\/wp-json\/wp\/v2\/pages\/216\/revisions\/1345"}],"wp:attachment":[{"href":"https:\/\/empreendedoresdigitais.com.br\/bg\/wp-json\/wp\/v2\/media?parent=216"}],"curies":[{"name":"wp","href":"https:\/\/api.w.org\/{rel}","templated":true}]}}