{"id":210,"date":"2024-06-07T22:34:53","date_gmt":"2024-06-08T01:34:53","guid":{"rendered":"https:\/\/audaxias.com\/?page_id=210"},"modified":"2024-07-02T19:55:17","modified_gmt":"2024-07-02T22:55:17","slug":"sobre-nos","status":"publish","type":"page","link":"https:\/\/empreendedoresdigitais.com.br\/nb\/sobre-nos\/","title":{"rendered":"Sobre N\u00f3s"},"content":{"rendered":"<div data-elementor-type=\"wp-page\" data-elementor-id=\"210\" class=\"elementor elementor-210\" data-elementor-post-type=\"page\">\n\t\t\t\t<div class=\"elementor-element elementor-element-ccd46b2 e-flex e-con-boxed e-con e-parent\" data-id=\"ccd46b2\" data-element_type=\"container\">\n\t\t\t\t\t<div class=\"e-con-inner\">\n\t\t<div class=\"elementor-element elementor-element-c7f4a24 e-flex e-con-boxed e-con e-child\" data-id=\"c7f4a24\" data-element_type=\"container\" data-settings=\"{&quot;background_background&quot;:&quot;classic&quot;}\">\n\t\t\t\t\t<div class=\"e-con-inner\">\n\t\t\t\t<div class=\"elementor-element elementor-element-681814e elementor-widget__width-initial elementor-widget elementor-widget-theme-site-logo elementor-widget-image\" data-id=\"681814e\" data-element_type=\"widget\" data-widget_type=\"theme-site-logo.default\">\n\t\t\t\t<div class=\"elementor-widget-container\">\n\t\t\t\t\t\t\t\t\t\t\t<a href=\"https:\/\/empreendedoresdigitais.com.br\/nb\">\n\t\t\t<img fetchpriority=\"high\" decoding=\"async\" width=\"512\" height=\"204\" src=\"https:\/\/empreendedoresdigitais.com.br\/wp-content\/uploads\/2024\/06\/Logo-Kauos.png\" class=\"attachment-full size-full wp-image-139\" alt=\"\" srcset=\"https:\/\/empreendedoresdigitais.com.br\/wp-content\/uploads\/2024\/06\/Logo-Kauos.png 512w, https:\/\/empreendedoresdigitais.com.br\/wp-content\/uploads\/2024\/06\/Logo-Kauos-300x120.png 300w, https:\/\/empreendedoresdigitais.com.br\/wp-content\/uploads\/2024\/06\/Logo-Kauos-18x7.png 18w\" sizes=\"(max-width: 512px) 100vw, 512px\" \/>\t\t\t\t<\/a>\n\t\t\t\t\t\t\t\t\t\t\t<\/div>\n\t\t\t\t<\/div>\n\t\t\t\t<div class=\"elementor-element elementor-element-d4bd6d9 elementor-widget elementor-widget-heading\" data-id=\"d4bd6d9\" data-element_type=\"widget\" data-widget_type=\"heading.default\">\n\t\t\t\t<div class=\"elementor-widget-container\">\n\t\t\t\t\t<h2 class=\"elementor-heading-title elementor-size-default\">Conhe\u00e7a Mais Sobre N\u00f3s!<\/h2>\t\t\t\t<\/div>\n\t\t\t\t<\/div>\n\t\t\t\t<div class=\"elementor-element elementor-element-320cb80 elementor-widget-divider--view-line elementor-widget elementor-widget-divider\" data-id=\"320cb80\" data-element_type=\"widget\" data-widget_type=\"divider.default\">\n\t\t\t\t<div class=\"elementor-widget-container\">\n\t\t\t\t\t\t\t<div class=\"elementor-divider\">\n\t\t\t<span class=\"elementor-divider-separator\">\n\t\t\t\t\t\t<\/span>\n\t\t<\/div>\n\t\t\t\t\t\t<\/div>\n\t\t\t\t<\/div>\n\t\t\t\t<div class=\"elementor-element elementor-element-6816e84 elementor-widget elementor-widget-text-editor\" data-id=\"6816e84\" data-element_type=\"widget\" data-widget_type=\"text-editor.default\">\n\t\t\t\t<div class=\"elementor-widget-container\">\n\t\t\t\t\t\t\t\t\t<p>Bem-vindo ao Empreendedores Digitais \u2013 seu destino online para tecnologia, aplicativos, curiosidades do mundo e muito mais! Aqui no Empreendedores Digitais, estamos comprometidos em trazer conte\u00fado interessante, \u00fatil e envolvente para nossos queridos usu\u00e1rios.<\/p><p>Queremos ser sua fonte confi\u00e1vel de informa\u00e7\u00f5es, trazendo as \u00faltimas novidades sobre tecnologia, aplicativos populares, curiosidades fascinantes do mundo e uma variedade de dicas \u00fateis para melhorar sua vida cotidiana. Nossa equipe de redatores apaixonados e experientes trabalha incansavelmente para trazer artigos e recursos que sejam relevantes e atraentes para voc\u00ea.<\/p><p>Com a r\u00e1pida evolu\u00e7\u00e3o do mundo digital, \u00e9 fundamental estar atualizado com as \u00faltimas tend\u00eancias tecnol\u00f3gicas e descobrir novas maneiras de aproveitar ao m\u00e1ximo as maravilhas modernas. No Empreendedores Digitais, queremos ajud\u00e1-lo a dominar a tecnologia, fornecendo guias pr\u00e1ticos, tutoriais passo a passo e recomenda\u00e7\u00f5es de aplicativos que podem facilitar sua vida di\u00e1ria.<\/p><p>Al\u00e9m disso, adoramos compartilhar curiosidades do mundo, explorando os aspectos fascinantes da ci\u00eancia, hist\u00f3ria, cultura e muito mais. Voc\u00ea pode esperar artigos que o levem a uma jornada de descoberta, fornecendo informa\u00e7\u00f5es interessantes e insights surpreendentes sobre uma ampla variedade de t\u00f3picos.<\/p><p>Valorizamos a intera\u00e7\u00e3o com nossos leitores e incentivamos voc\u00ea a participar. Sinta-se \u00e0 vontade para deixar coment\u00e1rios, compartilhar suas opini\u00f5es e fazer perguntas. Queremos criar uma comunidade onde todos se sintam bem-vindos e possam compartilhar suas perspectivas.<\/p><p>Acreditamos que o conhecimento \u00e9 poder, e nosso objetivo \u00e9 capacitar nossos usu\u00e1rios fornecendo informa\u00e7\u00f5es \u00fateis e relevantes em um formato acess\u00edvel e agrad\u00e1vel de ler. Queremos inspirar voc\u00ea a explorar novas possibilidades, descobrir solu\u00e7\u00f5es para desafios cotidianos e expandir seus horizontes.<\/p><p>Agradecemos por fazer parte da comunidade Empreendedores Digitais. Estamos empenhados em trazer conte\u00fado de qualidade que o informe, entretenha e inspire. Continue navegando em nosso site, explore nossos artigos e fique \u00e0 vontade para entrar em contato conosco caso tenha alguma d\u00favida, sugest\u00e3o ou apenas queira dizer ol\u00e1.<\/p><p>Equipe Climb Ads\u2028CNPJ : 50.284.174\/0001-00<\/p>\t\t\t\t\t\t\t\t<\/div>\n\t\t\t\t<\/div>\n\t\t\t\t\t<\/div>\n\t\t\t\t<\/div>\n\t\t\t\t\t<\/div>\n\t\t\t\t<\/div>\n\t\t\t\t<\/div>","protected":false},"excerpt":{"rendered":"<p>Conhe\u00e7a Mais Sobre N\u00f3s! Bem-vindo ao \u2013 seu destino online para tecnologia, aplicativos, curiosidades do mundo e muito mais! Aqui no , estamos comprometidos em trazer conte\u00fado interessante, \u00fatil e envolvente para nossos queridos usu\u00e1rios. Queremos ser sua fonte confi\u00e1vel de informa\u00e7\u00f5es, trazendo as \u00faltimas novidades sobre tecnologia, aplicativos populares, curiosidades fascinantes do mundo e [&hellip;]<\/p>","protected":false},"author":1,"featured_media":0,"parent":0,"menu_order":0,"comment_status":"closed","ping_status":"closed","template":"","meta":{"footnotes":""},"yoast_head":"<!-- This site is optimized with the Yoast SEO plugin v22.9 - https:\/\/yoast.com\/wordpress\/plugins\/seo\/ -->\n<title>Sobre N\u00f3s - Empreendedores Digitais<\/title>\n<meta name=\"robots\" content=\"index, follow, max-snippet:-1, max-image-preview:large, max-video-preview:-1\" \/>\n<link rel=\"canonical\" href=\"https:\/\/empreendedoresdigitais.com.br\/nb\/sobre-nos\/\" \/>\n<meta property=\"og:locale\" content=\"nb_NO\" \/>\n<meta property=\"og:type\" content=\"article\" \/>\n<meta property=\"og:title\" content=\"Sobre N\u00f3s - Empreendedores Digitais\" \/>\n<meta property=\"og:description\" content=\"Conhe\u00e7a Mais Sobre N\u00f3s! Bem-vindo ao \u2013 seu destino online para tecnologia, aplicativos, curiosidades do mundo e muito mais! Aqui no , estamos comprometidos em trazer conte\u00fado interessante, \u00fatil e envolvente para nossos queridos usu\u00e1rios. Queremos ser sua fonte confi\u00e1vel de informa\u00e7\u00f5es, trazendo as \u00faltimas novidades sobre tecnologia, aplicativos populares, curiosidades fascinantes do mundo e [&hellip;]\" \/>\n<meta property=\"og:url\" content=\"https:\/\/empreendedoresdigitais.com.br\/nb\/sobre-nos\/\" \/>\n<meta property=\"og:site_name\" content=\"Empreendedores Digitais\" \/>\n<meta property=\"article:modified_time\" content=\"2024-07-02T22:55:17+00:00\" \/>\n<meta property=\"og:image\" content=\"https:\/\/empreendedoresdigitais.com.br\/wp-content\/uploads\/2024\/06\/Favicon-PNG.png\" \/>\n\t<meta property=\"og:image:width\" content=\"512\" \/>\n\t<meta property=\"og:image:height\" content=\"512\" \/>\n\t<meta property=\"og:image:type\" content=\"image\/png\" \/>\n<meta name=\"twitter:card\" content=\"summary_large_image\" \/>\n<meta name=\"twitter:label1\" content=\"Ansl. lesetid\" \/>\n\t<meta name=\"twitter:data1\" content=\"2 minutter\" \/>\n<script type=\"application\/ld+json\" class=\"yoast-schema-graph\">{\"@context\":\"https:\/\/schema.org\",\"@graph\":[{\"@type\":\"WebPage\",\"@id\":\"https:\/\/empreendedoresdigitais.com.br\/sobre-nos\/\",\"url\":\"https:\/\/empreendedoresdigitais.com.br\/sobre-nos\/\",\"name\":\"Sobre N\u00f3s - Empreendedores Digitais\",\"isPartOf\":{\"@id\":\"https:\/\/empreendedoresdigitais.com.br\/#website\"},\"datePublished\":\"2024-06-08T01:34:53+00:00\",\"dateModified\":\"2024-07-02T22:55:17+00:00\",\"breadcrumb\":{\"@id\":\"https:\/\/empreendedoresdigitais.com.br\/sobre-nos\/#breadcrumb\"},\"inLanguage\":\"nb-NO\",\"potentialAction\":[{\"@type\":\"ReadAction\",\"target\":[\"https:\/\/empreendedoresdigitais.com.br\/sobre-nos\/\"]}]},{\"@type\":\"BreadcrumbList\",\"@id\":\"https:\/\/empreendedoresdigitais.com.br\/sobre-nos\/#breadcrumb\",\"itemListElement\":[{\"@type\":\"ListItem\",\"position\":1,\"name\":\"In\u00edcio\",\"item\":\"https:\/\/empreendedoresdigitais.com.br\/\"},{\"@type\":\"ListItem\",\"position\":2,\"name\":\"Sobre N\u00f3s\"}]},{\"@type\":\"WebSite\",\"@id\":\"https:\/\/empreendedoresdigitais.com.br\/#website\",\"url\":\"https:\/\/empreendedoresdigitais.com.br\/\",\"name\":\"Empreendedores Digitais\",\"description\":\"Empreededores Digitais, tudo sobre empreendedorismo digital.\",\"publisher\":{\"@id\":\"https:\/\/empreendedoresdigitais.com.br\/#organization\"},\"potentialAction\":[{\"@type\":\"SearchAction\",\"target\":{\"@type\":\"EntryPoint\",\"urlTemplate\":\"https:\/\/empreendedoresdigitais.com.br\/?s={search_term_string}\"},\"query-input\":\"required name=search_term_string\"}],\"inLanguage\":\"nb-NO\"},{\"@type\":\"Organization\",\"@id\":\"https:\/\/empreendedoresdigitais.com.br\/#organization\",\"name\":\"Empreendedores Digitais\",\"url\":\"https:\/\/empreendedoresdigitais.com.br\/\",\"logo\":{\"@type\":\"ImageObject\",\"inLanguage\":\"nb-NO\",\"@id\":\"https:\/\/empreendedoresdigitais.com.br\/#\/schema\/logo\/image\/\",\"url\":\"https:\/\/empreendedoresdigitais.com.br\/wp-content\/uploads\/2024\/06\/Logo-Kauos.png\",\"contentUrl\":\"https:\/\/empreendedoresdigitais.com.br\/wp-content\/uploads\/2024\/06\/Logo-Kauos.png\",\"width\":512,\"height\":204,\"caption\":\"Empreendedores Digitais\"},\"image\":{\"@id\":\"https:\/\/empreendedoresdigitais.com.br\/#\/schema\/logo\/image\/\"}}]}<\/script>\n<!-- \/ Yoast SEO plugin. -->","yoast_head_json":{"title":"Sobre N\u00f3s - Empreendedores Digitais","robots":{"index":"index","follow":"follow","max-snippet":"max-snippet:-1","max-image-preview":"max-image-preview:large","max-video-preview":"max-video-preview:-1"},"canonical":"https:\/\/empreendedoresdigitais.com.br\/nb\/sobre-nos\/","og_locale":"nb_NO","og_type":"article","og_title":"Sobre N\u00f3s - Empreendedores Digitais","og_description":"Conhe\u00e7a Mais Sobre N\u00f3s! Bem-vindo ao \u2013 seu destino online para tecnologia, aplicativos, curiosidades do mundo e muito mais! Aqui no , estamos comprometidos em trazer conte\u00fado interessante, \u00fatil e envolvente para nossos queridos usu\u00e1rios. Queremos ser sua fonte confi\u00e1vel de informa\u00e7\u00f5es, trazendo as \u00faltimas novidades sobre tecnologia, aplicativos populares, curiosidades fascinantes do mundo e [&hellip;]","og_url":"https:\/\/empreendedoresdigitais.com.br\/nb\/sobre-nos\/","og_site_name":"Empreendedores Digitais","article_modified_time":"2024-07-02T22:55:17+00:00","og_image":[{"width":512,"height":512,"url":"https:\/\/empreendedoresdigitais.com.br\/wp-content\/uploads\/2024\/06\/Favicon-PNG.png","type":"image\/png"}],"twitter_card":"summary_large_image","twitter_misc":{"Ansl. lesetid":"2 minutter"},"schema":{"@context":"https:\/\/schema.org","@graph":[{"@type":"WebPage","@id":"https:\/\/empreendedoresdigitais.com.br\/sobre-nos\/","url":"https:\/\/empreendedoresdigitais.com.br\/sobre-nos\/","name":"Sobre N\u00f3s - Empreendedores Digitais","isPartOf":{"@id":"https:\/\/empreendedoresdigitais.com.br\/#website"},"datePublished":"2024-06-08T01:34:53+00:00","dateModified":"2024-07-02T22:55:17+00:00","breadcrumb":{"@id":"https:\/\/empreendedoresdigitais.com.br\/sobre-nos\/#breadcrumb"},"inLanguage":"nb-NO","potentialAction":[{"@type":"ReadAction","target":["https:\/\/empreendedoresdigitais.com.br\/sobre-nos\/"]}]},{"@type":"BreadcrumbList","@id":"https:\/\/empreendedoresdigitais.com.br\/sobre-nos\/#breadcrumb","itemListElement":[{"@type":"ListItem","position":1,"name":"In\u00edcio","item":"https:\/\/empreendedoresdigitais.com.br\/"},{"@type":"ListItem","position":2,"name":"Sobre N\u00f3s"}]},{"@type":"WebSite","@id":"https:\/\/empreendedoresdigitais.com.br\/#website","url":"https:\/\/empreendedoresdigitais.com.br\/","name":"Empreendedores Digitais","description":"Empreededores Digitais, tudo sobre empreendedorismo digital.","publisher":{"@id":"https:\/\/empreendedoresdigitais.com.br\/#organization"},"potentialAction":[{"@type":"SearchAction","target":{"@type":"EntryPoint","urlTemplate":"https:\/\/empreendedoresdigitais.com.br\/?s={search_term_string}"},"query-input":"required name=search_term_string"}],"inLanguage":"nb-NO"},{"@type":"Organization","@id":"https:\/\/empreendedoresdigitais.com.br\/#organization","name":"Empreendedores Digitais","url":"https:\/\/empreendedoresdigitais.com.br\/","logo":{"@type":"ImageObject","inLanguage":"nb-NO","@id":"https:\/\/empreendedoresdigitais.com.br\/#\/schema\/logo\/image\/","url":"https:\/\/empreendedoresdigitais.com.br\/wp-content\/uploads\/2024\/06\/Logo-Kauos.png","contentUrl":"https:\/\/empreendedoresdigitais.com.br\/wp-content\/uploads\/2024\/06\/Logo-Kauos.png","width":512,"height":204,"caption":"Empreendedores Digitais"},"image":{"@id":"https:\/\/empreendedoresdigitais.com.br\/#\/schema\/logo\/image\/"}}]}},"_links":{"self":[{"href":"https:\/\/empreendedoresdigitais.com.br\/nb\/wp-json\/wp\/v2\/pages\/210"}],"collection":[{"href":"https:\/\/empreendedoresdigitais.com.br\/nb\/wp-json\/wp\/v2\/pages"}],"about":[{"href":"https:\/\/empreendedoresdigitais.com.br\/nb\/wp-json\/wp\/v2\/types\/page"}],"author":[{"embeddable":true,"href":"https:\/\/empreendedoresdigitais.com.br\/nb\/wp-json\/wp\/v2\/users\/1"}],"replies":[{"embeddable":true,"href":"https:\/\/empreendedoresdigitais.com.br\/nb\/wp-json\/wp\/v2\/comments?post=210"}],"version-history":[{"count":28,"href":"https:\/\/empreendedoresdigitais.com.br\/nb\/wp-json\/wp\/v2\/pages\/210\/revisions"}],"predecessor-version":[{"id":1351,"href":"https:\/\/empreendedoresdigitais.com.br\/nb\/wp-json\/wp\/v2\/pages\/210\/revisions\/1351"}],"wp:attachment":[{"href":"https:\/\/empreendedoresdigitais.com.br\/nb\/wp-json\/wp\/v2\/media?parent=210"}],"curies":[{"name":"wp","href":"https:\/\/api.w.org\/{rel}","templated":true}]}}