{"id":214,"date":"2024-06-07T22:35:26","date_gmt":"2024-06-08T01:35:26","guid":{"rendered":"https:\/\/audaxias.com\/?page_id=214"},"modified":"2024-07-02T19:55:30","modified_gmt":"2024-07-02T22:55:30","slug":"termos-de-uso","status":"publish","type":"page","link":"https:\/\/empreendedoresdigitais.com.br\/te\/termos-de-uso\/","title":{"rendered":"Termos de Uso"},"content":{"rendered":"<div data-elementor-type=\"wp-page\" data-elementor-id=\"214\" class=\"elementor elementor-214\" data-elementor-post-type=\"page\">\n\t\t\t\t<div class=\"elementor-element elementor-element-53989e5 e-flex e-con-boxed e-con e-parent\" data-id=\"53989e5\" data-element_type=\"container\">\n\t\t\t\t\t<div class=\"e-con-inner\">\n\t\t<div class=\"elementor-element elementor-element-bfb0d89 e-flex e-con-boxed e-con e-child\" data-id=\"bfb0d89\" data-element_type=\"container\" data-settings=\"{&quot;background_background&quot;:&quot;classic&quot;}\">\n\t\t\t\t\t<div class=\"e-con-inner\">\n\t\t\t\t<div class=\"elementor-element elementor-element-edaefc0 elementor-widget__width-initial elementor-widget elementor-widget-theme-site-logo elementor-widget-image\" data-id=\"edaefc0\" data-element_type=\"widget\" data-widget_type=\"theme-site-logo.default\">\n\t\t\t\t<div class=\"elementor-widget-container\">\n\t\t\t\t\t\t\t\t\t\t\t<a href=\"https:\/\/empreendedoresdigitais.com.br\/te\">\n\t\t\t<img fetchpriority=\"high\" decoding=\"async\" width=\"512\" height=\"204\" src=\"https:\/\/empreendedoresdigitais.com.br\/wp-content\/uploads\/2024\/06\/Logo-Kauos.png\" class=\"attachment-full size-full wp-image-139\" alt=\"\" srcset=\"https:\/\/empreendedoresdigitais.com.br\/wp-content\/uploads\/2024\/06\/Logo-Kauos.png 512w, https:\/\/empreendedoresdigitais.com.br\/wp-content\/uploads\/2024\/06\/Logo-Kauos-300x120.png 300w, https:\/\/empreendedoresdigitais.com.br\/wp-content\/uploads\/2024\/06\/Logo-Kauos-18x7.png 18w\" sizes=\"(max-width: 512px) 100vw, 512px\" \/>\t\t\t\t<\/a>\n\t\t\t\t\t\t\t\t\t\t\t<\/div>\n\t\t\t\t<\/div>\n\t\t\t\t<div class=\"elementor-element elementor-element-e0dedd6 elementor-widget elementor-widget-heading\" data-id=\"e0dedd6\" data-element_type=\"widget\" data-widget_type=\"heading.default\">\n\t\t\t\t<div class=\"elementor-widget-container\">\n\t\t\t\t\t<h2 class=\"elementor-heading-title elementor-size-default\">Termos de Uso<\/h2>\t\t\t\t<\/div>\n\t\t\t\t<\/div>\n\t\t\t\t<div class=\"elementor-element elementor-element-e630d9d elementor-widget-divider--view-line elementor-widget elementor-widget-divider\" data-id=\"e630d9d\" data-element_type=\"widget\" data-widget_type=\"divider.default\">\n\t\t\t\t<div class=\"elementor-widget-container\">\n\t\t\t\t\t\t\t<div class=\"elementor-divider\">\n\t\t\t<span class=\"elementor-divider-separator\">\n\t\t\t\t\t\t<\/span>\n\t\t<\/div>\n\t\t\t\t\t\t<\/div>\n\t\t\t\t<\/div>\n\t\t\t\t<div class=\"elementor-element elementor-element-af1e0d5 elementor-widget elementor-widget-text-editor\" data-id=\"af1e0d5\" data-element_type=\"widget\" data-widget_type=\"text-editor.default\">\n\t\t\t\t<div class=\"elementor-widget-container\">\n\t\t\t\t\t\t\t\t\t<p>Ao acessar ao site Empreendedores Digitais, concorda em cumprir estes termos de servi\u00e7o, todas as leis e regulamentos aplic\u00e1veis e concorda que \u00e9 respons\u00e1vel pelo cumprimento de todas as leis locais aplic\u00e1veis. Se voc\u00ea n\u00e3o concordar com algum desses termos, est\u00e1 proibido de usar ou acessar este site. Os materiais contidos neste site s\u00e3o protegidos pelas leis de direitos autorais e marcas comerciais aplic\u00e1veis.<\/p><h6>Uso de Licen\u00e7a<\/h6><p>\u00c9 concedida permiss\u00e3o para baixar temporariamente uma c\u00f3pia dos materiais (informa\u00e7\u00f5es ou software) no site Empreendedores Digitais, apenas para visualiza\u00e7\u00e3o transit\u00f3ria pessoal e n\u00e3o comercial. Esta \u00e9 a concess\u00e3o de uma licen\u00e7a, n\u00e3o uma transfer\u00eancia de t\u00edtulo e, sob esta licen\u00e7a, voc\u00ea n\u00e3o pode:<\/p><ol><li>Modificar ou copiar os materiais;<\/li><li>Usar os materiais para qualquer finalidade comercial ou para exibi\u00e7\u00e3o p\u00fablica (comercial ou n\u00e3o comercial);<\/li><li>Tentar descompilar ou fazer engenharia reversa de qualquer software contido no site Empreendedores Digitais;<\/li><li>Remover quaisquer direitos autorais ou outras nota\u00e7\u00f5es de propriedade dos materiais; ou<\/li><li>Transferir os materiais para outra pessoa ou \u2018espelhe\u2019 os materiais em qualquer outro servidor.<\/li><\/ol><p>Esta licen\u00e7a ser\u00e1 automaticamente rescindida se voc\u00ea violar alguma dessas restri\u00e7\u00f5es e poder\u00e1 ser rescindida por Empreendedores Digitais a qualquer momento. Ao encerrar a visualiza\u00e7\u00e3o desses materiais ou ap\u00f3s o t\u00e9rmino desta licen\u00e7a, voc\u00ea deve apagar todos os materiais baixados em sua posse, seja em formato eletr\u00f3nico ou impresso.<\/p><h6>Isen\u00e7\u00e3o de responsabilidade<\/h6><ol><li>Os materiais no site da Empreendedores Digitais s\u00e3o fornecidos \u2018como est\u00e3o\u2019. Empreendedores Digitais n\u00e3o oferece garantias, expressas ou impl\u00edcitas, e, por este meio, isenta e nega todas as outras garantias, incluindo, sem limita\u00e7\u00e3o, garantias impl\u00edcitas ou condi\u00e7\u00f5es de comercializa\u00e7\u00e3o, adequa\u00e7\u00e3o a um fim espec\u00edfico ou n\u00e3o viola\u00e7\u00e3o de propriedade intelectual ou outra viola\u00e7\u00e3o de direitos.<\/li><li>Al\u00e9m disso, o Empreendedores Digitais n\u00e3o garante ou faz qualquer representa\u00e7\u00e3o relativa \u00e0 precis\u00e3o, aos resultados prov\u00e1veis ou \u00e0 confiabilidade do uso dos materiais em seu site ou de outra forma relacionado a esses materiais ou em sites vinculados a este site.<\/li><\/ol><h6>Limita\u00e7\u00f5es<\/h6><p>Em nenhum caso o Empreendedores Digitais ou seus fornecedores ser\u00e3o respons\u00e1veis por quaisquer danos (incluindo, sem limita\u00e7\u00e3o, danos por perda de dados ou lucro ou devido a interrup\u00e7\u00e3o dos neg\u00f3cios) decorrentes do uso ou da incapacidade de usar os materiais em Empreendedores Digitais, mesmo que Empreendedores Digitais ou um representante autorizado da Empreendedores Digitais tenha sido notificado oralmente ou por escrito da possibilidade de tais danos. Como algumas jurisdi\u00e7\u00f5es n\u00e3o permitem limita\u00e7\u00f5es em garantias impl\u00edcitas, ou limita\u00e7\u00f5es de responsabilidade por danos consequentes ou incidentais, essas limita\u00e7\u00f5es podem n\u00e3o se aplicar a voc\u00ea.<\/p><h6>Precis\u00e3o dos materiais<\/h6><p>Os materiais exibidos no site da Empreendedores Digitais podem incluir erros t\u00e9cnicos, tipogr\u00e1ficos ou fotogr\u00e1ficos. Empreendedores Digitais n\u00e3o garante que qualquer material em seu site seja preciso, completo ou atual. Empreendedores Digitais pode fazer altera\u00e7\u00f5es nos materiais contidos em seu site a qualquer momento, sem aviso pr\u00e9vio. No entanto, Empreendedores Digitais n\u00e3o se compromete a atualizar os materiais.<\/p><h6>Links<\/h6><p>O Empreendedores Digitais n\u00e3o analisou todos os sites vinculados ao seu site e n\u00e3o \u00e9 respons\u00e1vel pelo conte\u00fado de nenhum site vinculado. A inclus\u00e3o de qualquer link n\u00e3o implica endosso por Empreendedores Digitais do site. O uso de qualquer site vinculado \u00e9 por conta e risco do usu\u00e1rio.<\/p><h6>Modifica\u00e7\u00f5es<\/h6><p>O Empreendedores Digitais pode revisar estes termos de servi\u00e7o do site a qualquer momento, sem aviso pr\u00e9vio. Ao usar este site, voc\u00ea concorda em ficar vinculado \u00e0 vers\u00e3o atual desses termos de servi\u00e7o.<\/p><h6>Lei aplic\u00e1vel<\/h6><p>Estes termos e condi\u00e7\u00f5es s\u00e3o regidos e interpretados de acordo com as leis do Empreendedores Digitais e voc\u00ea se submete irrevogavelmente \u00e0 jurisdi\u00e7\u00e3o exclusiva dos tribunais naquele estado ou localidade.<\/p><p><!-- notionvc: b8ffd450-a941-4eb2-9627-65f7e87eac50 --><\/p>\t\t\t\t\t\t\t\t<\/div>\n\t\t\t\t<\/div>\n\t\t\t\t\t<\/div>\n\t\t\t\t<\/div>\n\t\t\t\t\t<\/div>\n\t\t\t\t<\/div>\n\t\t\t\t<\/div>","protected":false},"excerpt":{"rendered":"<p>Termos de Uso Ao acessar ao site , concorda em cumprir estes termos de servi\u00e7o, todas as leis e regulamentos aplic\u00e1veis e concorda que \u00e9 respons\u00e1vel pelo cumprimento de todas as leis locais aplic\u00e1veis. Se voc\u00ea n\u00e3o concordar com algum desses termos, est\u00e1 proibido de usar ou acessar este site. Os materiais contidos neste site [&hellip;]<\/p>","protected":false},"author":1,"featured_media":0,"parent":0,"menu_order":0,"comment_status":"closed","ping_status":"closed","template":"","meta":{"footnotes":""},"yoast_head":"<!-- This site is optimized with the Yoast SEO plugin v22.9 - https:\/\/yoast.com\/wordpress\/plugins\/seo\/ -->\n<title>Termos de Uso - Empreendedores Digitais<\/title>\n<meta name=\"robots\" content=\"index, follow, max-snippet:-1, max-image-preview:large, max-video-preview:-1\" \/>\n<link rel=\"canonical\" href=\"https:\/\/empreendedoresdigitais.com.br\/te\/termos-de-uso\/\" \/>\n<meta property=\"og:locale\" content=\"en_US\" \/>\n<meta property=\"og:type\" content=\"article\" \/>\n<meta property=\"og:title\" content=\"Termos de Uso - Empreendedores Digitais\" \/>\n<meta property=\"og:description\" content=\"Termos de Uso Ao acessar ao site , concorda em cumprir estes termos de servi\u00e7o, todas as leis e regulamentos aplic\u00e1veis e concorda que \u00e9 respons\u00e1vel pelo cumprimento de todas as leis locais aplic\u00e1veis. Se voc\u00ea n\u00e3o concordar com algum desses termos, est\u00e1 proibido de usar ou acessar este site. Os materiais contidos neste site [&hellip;]\" \/>\n<meta property=\"og:url\" content=\"https:\/\/empreendedoresdigitais.com.br\/te\/termos-de-uso\/\" \/>\n<meta property=\"og:site_name\" content=\"Empreendedores Digitais\" \/>\n<meta property=\"article:modified_time\" content=\"2024-07-02T22:55:30+00:00\" \/>\n<meta property=\"og:image\" content=\"https:\/\/empreendedoresdigitais.com.br\/wp-content\/uploads\/2024\/06\/Favicon-PNG.png\" \/>\n\t<meta property=\"og:image:width\" content=\"512\" \/>\n\t<meta property=\"og:image:height\" content=\"512\" \/>\n\t<meta property=\"og:image:type\" content=\"image\/png\" \/>\n<meta name=\"twitter:card\" content=\"summary_large_image\" \/>\n<meta name=\"twitter:label1\" content=\"Est. reading time\" \/>\n\t<meta name=\"twitter:data1\" content=\"4 minutes\" \/>\n<script type=\"application\/ld+json\" class=\"yoast-schema-graph\">{\"@context\":\"https:\/\/schema.org\",\"@graph\":[{\"@type\":\"WebPage\",\"@id\":\"https:\/\/empreendedoresdigitais.com.br\/termos-de-uso\/\",\"url\":\"https:\/\/empreendedoresdigitais.com.br\/termos-de-uso\/\",\"name\":\"Termos de Uso - Empreendedores Digitais\",\"isPartOf\":{\"@id\":\"https:\/\/empreendedoresdigitais.com.br\/#website\"},\"datePublished\":\"2024-06-08T01:35:26+00:00\",\"dateModified\":\"2024-07-02T22:55:30+00:00\",\"breadcrumb\":{\"@id\":\"https:\/\/empreendedoresdigitais.com.br\/termos-de-uso\/#breadcrumb\"},\"inLanguage\":\"te\",\"potentialAction\":[{\"@type\":\"ReadAction\",\"target\":[\"https:\/\/empreendedoresdigitais.com.br\/termos-de-uso\/\"]}]},{\"@type\":\"BreadcrumbList\",\"@id\":\"https:\/\/empreendedoresdigitais.com.br\/termos-de-uso\/#breadcrumb\",\"itemListElement\":[{\"@type\":\"ListItem\",\"position\":1,\"name\":\"In\u00edcio\",\"item\":\"https:\/\/empreendedoresdigitais.com.br\/\"},{\"@type\":\"ListItem\",\"position\":2,\"name\":\"Termos de Uso\"}]},{\"@type\":\"WebSite\",\"@id\":\"https:\/\/empreendedoresdigitais.com.br\/#website\",\"url\":\"https:\/\/empreendedoresdigitais.com.br\/\",\"name\":\"Empreendedores Digitais\",\"description\":\"Empreededores Digitais, tudo sobre empreendedorismo digital.\",\"publisher\":{\"@id\":\"https:\/\/empreendedoresdigitais.com.br\/#organization\"},\"potentialAction\":[{\"@type\":\"SearchAction\",\"target\":{\"@type\":\"EntryPoint\",\"urlTemplate\":\"https:\/\/empreendedoresdigitais.com.br\/?s={search_term_string}\"},\"query-input\":\"required name=search_term_string\"}],\"inLanguage\":\"te\"},{\"@type\":\"Organization\",\"@id\":\"https:\/\/empreendedoresdigitais.com.br\/#organization\",\"name\":\"Empreendedores Digitais\",\"url\":\"https:\/\/empreendedoresdigitais.com.br\/\",\"logo\":{\"@type\":\"ImageObject\",\"inLanguage\":\"te\",\"@id\":\"https:\/\/empreendedoresdigitais.com.br\/#\/schema\/logo\/image\/\",\"url\":\"https:\/\/empreendedoresdigitais.com.br\/wp-content\/uploads\/2024\/06\/Logo-Kauos.png\",\"contentUrl\":\"https:\/\/empreendedoresdigitais.com.br\/wp-content\/uploads\/2024\/06\/Logo-Kauos.png\",\"width\":512,\"height\":204,\"caption\":\"Empreendedores Digitais\"},\"image\":{\"@id\":\"https:\/\/empreendedoresdigitais.com.br\/#\/schema\/logo\/image\/\"}}]}<\/script>\n<!-- \/ Yoast SEO plugin. -->","yoast_head_json":{"title":"Termos de Uso - Empreendedores Digitais","robots":{"index":"index","follow":"follow","max-snippet":"max-snippet:-1","max-image-preview":"max-image-preview:large","max-video-preview":"max-video-preview:-1"},"canonical":"https:\/\/empreendedoresdigitais.com.br\/te\/termos-de-uso\/","og_locale":"en_US","og_type":"article","og_title":"Termos de Uso - Empreendedores Digitais","og_description":"Termos de Uso Ao acessar ao site , concorda em cumprir estes termos de servi\u00e7o, todas as leis e regulamentos aplic\u00e1veis e concorda que \u00e9 respons\u00e1vel pelo cumprimento de todas as leis locais aplic\u00e1veis. Se voc\u00ea n\u00e3o concordar com algum desses termos, est\u00e1 proibido de usar ou acessar este site. Os materiais contidos neste site [&hellip;]","og_url":"https:\/\/empreendedoresdigitais.com.br\/te\/termos-de-uso\/","og_site_name":"Empreendedores Digitais","article_modified_time":"2024-07-02T22:55:30+00:00","og_image":[{"width":512,"height":512,"url":"https:\/\/empreendedoresdigitais.com.br\/wp-content\/uploads\/2024\/06\/Favicon-PNG.png","type":"image\/png"}],"twitter_card":"summary_large_image","twitter_misc":{"Est. reading time":"4 minutes"},"schema":{"@context":"https:\/\/schema.org","@graph":[{"@type":"WebPage","@id":"https:\/\/empreendedoresdigitais.com.br\/termos-de-uso\/","url":"https:\/\/empreendedoresdigitais.com.br\/termos-de-uso\/","name":"Termos de Uso - Empreendedores Digitais","isPartOf":{"@id":"https:\/\/empreendedoresdigitais.com.br\/#website"},"datePublished":"2024-06-08T01:35:26+00:00","dateModified":"2024-07-02T22:55:30+00:00","breadcrumb":{"@id":"https:\/\/empreendedoresdigitais.com.br\/termos-de-uso\/#breadcrumb"},"inLanguage":"te","potentialAction":[{"@type":"ReadAction","target":["https:\/\/empreendedoresdigitais.com.br\/termos-de-uso\/"]}]},{"@type":"BreadcrumbList","@id":"https:\/\/empreendedoresdigitais.com.br\/termos-de-uso\/#breadcrumb","itemListElement":[{"@type":"ListItem","position":1,"name":"In\u00edcio","item":"https:\/\/empreendedoresdigitais.com.br\/"},{"@type":"ListItem","position":2,"name":"Termos de Uso"}]},{"@type":"WebSite","@id":"https:\/\/empreendedoresdigitais.com.br\/#website","url":"https:\/\/empreendedoresdigitais.com.br\/","name":"Empreendedores Digitais","description":"Empreededores Digitais, tudo sobre empreendedorismo digital.","publisher":{"@id":"https:\/\/empreendedoresdigitais.com.br\/#organization"},"potentialAction":[{"@type":"SearchAction","target":{"@type":"EntryPoint","urlTemplate":"https:\/\/empreendedoresdigitais.com.br\/?s={search_term_string}"},"query-input":"required name=search_term_string"}],"inLanguage":"te"},{"@type":"Organization","@id":"https:\/\/empreendedoresdigitais.com.br\/#organization","name":"Empreendedores Digitais","url":"https:\/\/empreendedoresdigitais.com.br\/","logo":{"@type":"ImageObject","inLanguage":"te","@id":"https:\/\/empreendedoresdigitais.com.br\/#\/schema\/logo\/image\/","url":"https:\/\/empreendedoresdigitais.com.br\/wp-content\/uploads\/2024\/06\/Logo-Kauos.png","contentUrl":"https:\/\/empreendedoresdigitais.com.br\/wp-content\/uploads\/2024\/06\/Logo-Kauos.png","width":512,"height":204,"caption":"Empreendedores Digitais"},"image":{"@id":"https:\/\/empreendedoresdigitais.com.br\/#\/schema\/logo\/image\/"}}]}},"_links":{"self":[{"href":"https:\/\/empreendedoresdigitais.com.br\/te\/wp-json\/wp\/v2\/pages\/214"}],"collection":[{"href":"https:\/\/empreendedoresdigitais.com.br\/te\/wp-json\/wp\/v2\/pages"}],"about":[{"href":"https:\/\/empreendedoresdigitais.com.br\/te\/wp-json\/wp\/v2\/types\/page"}],"author":[{"embeddable":true,"href":"https:\/\/empreendedoresdigitais.com.br\/te\/wp-json\/wp\/v2\/users\/1"}],"replies":[{"embeddable":true,"href":"https:\/\/empreendedoresdigitais.com.br\/te\/wp-json\/wp\/v2\/comments?post=214"}],"version-history":[{"count":76,"href":"https:\/\/empreendedoresdigitais.com.br\/te\/wp-json\/wp\/v2\/pages\/214\/revisions"}],"predecessor-version":[{"id":1354,"href":"https:\/\/empreendedoresdigitais.com.br\/te\/wp-json\/wp\/v2\/pages\/214\/revisions\/1354"}],"wp:attachment":[{"href":"https:\/\/empreendedoresdigitais.com.br\/te\/wp-json\/wp\/v2\/media?parent=214"}],"curies":[{"name":"wp","href":"https:\/\/api.w.org\/{rel}","templated":true}]}}